{"id":34,"date":"2015-10-12T09:44:19","date_gmt":"2015-10-12T07:44:19","guid":{"rendered":"http:\/\/eagnet.pl\/?page_id=34"},"modified":"2015-10-12T10:24:18","modified_gmt":"2015-10-12T08:24:18","slug":"kontakt","status":"publish","type":"page","link":"https:\/\/eagnet.pl\/index.php\/kontakt\/","title":{"rendered":"Kontakt"},"content":{"rendered":"<h1 style=\"text-align: center;\"><b>Biuro Rachunkowe \u201eAgnet\u201d <\/b><br \/>\nJoanna Go\u0142\u0105bek<br \/>\nul. Ko\u015bciuszki 7\/2<br \/>\n82-500 Kwidzyn<br \/>\nNIP 5811440942<br \/>\nRegon 361378500<br \/>\ntel. 608 078 490<br \/>\n<b>mail: agnet.kwidzyn@wp.pl<br \/>\nwww.eagnet.pl<br \/>\n<\/b><b><\/b>biuro czynne: 8.00 \u2013 16.00<\/h1>\n<p>&nbsp;<\/p>\n<h1><em>Skorzystaj z naszego formularza kontaktowego:<\/em><\/h1>\n<p>&nbsp;<\/p>\n<div id='contact-form-34'>\n<form action='https:\/\/eagnet.pl\/index.php\/kontakt\/#contact-form-34' method='post' class='contact-form commentsblock'>\n\n<div class='grunion-field-wrap grunion-field-name-wrap'  >\n<label\n\t\t\t\tfor='g34-imiinazwisko'\n\t\t\t\tclass='grunion-field-label name'\n\t\t\t\t>Imi\u0119 i nazwisko<span>(required)<\/span><\/label>\n<input\n\t\t\t\t\ttype='text'\n\t\t\t\t\tname='g34-imiinazwisko'\n\t\t\t\t\tid='g34-imiinazwisko'\n\t\t\t\t\tvalue=''\n\t\t\t\t\tclass='name' \n\t\t\t\t\trequired aria-required='true'\n\t\t\t\t\/>\n\t<\/div>\n\n<div class='grunion-field-wrap grunion-field-email-wrap'  >\n<label\n\t\t\t\tfor='g34-email'\n\t\t\t\tclass='grunion-field-label email'\n\t\t\t\t>Email<span>(required)<\/span><\/label>\n<input\n\t\t\t\t\ttype='email'\n\t\t\t\t\tname='g34-email'\n\t\t\t\t\tid='g34-email'\n\t\t\t\t\tvalue=''\n\t\t\t\t\tclass='email' \n\t\t\t\t\trequired aria-required='true'\n\t\t\t\t\/>\n\t<\/div>\n\n<div class='grunion-field-wrap grunion-field-text-wrap'  >\n<label\n\t\t\t\tfor='g34-nrtelefonu'\n\t\t\t\tclass='grunion-field-label text'\n\t\t\t\t>Nr telefonu<\/label>\n<input\n\t\t\t\t\ttype='text'\n\t\t\t\t\tname='g34-nrtelefonu'\n\t\t\t\t\tid='g34-nrtelefonu'\n\t\t\t\t\tvalue=''\n\t\t\t\t\tclass='text' \n\t\t\t\t\t\n\t\t\t\t\/>\n\t<\/div>\n\n<div class='grunion-field-wrap grunion-field-text-wrap'  >\n<label\n\t\t\t\tfor='g34-temat'\n\t\t\t\tclass='grunion-field-label text'\n\t\t\t\t>Temat<\/label>\n<input\n\t\t\t\t\ttype='text'\n\t\t\t\t\tname='g34-temat'\n\t\t\t\t\tid='g34-temat'\n\t\t\t\t\tvalue=''\n\t\t\t\t\tclass='text' \n\t\t\t\t\t\n\t\t\t\t\/>\n\t<\/div>\n\n<div class='grunion-field-wrap grunion-field-textarea-wrap'  >\n<label\n\t\t\t\tfor='contact-form-comment-g34-trewiadomoci'\n\t\t\t\tclass='grunion-field-label textarea'\n\t\t\t\t>Tre\u015b\u0107 wiadomo\u015bci<span>(required)<\/span><\/label>\n<textarea\n\t\t                name='g34-trewiadomoci'\n\t\t                id='contact-form-comment-g34-trewiadomoci'\n\t\t                rows='20' class='textarea'  required aria-required='true'><\/textarea>\n\t<\/div>\n\t<p class='contact-submit'>\n\t\t<button type='submit' class='pushbutton-wide'>Submit<\/button>\t\t<input type='hidden' name='contact-form-id' value='34' \/>\n\t\t<input type='hidden' name='action' value='grunion-contact-form' \/>\n\t\t<input type='hidden' name='contact-form-hash' value='118cd859670bf84fce908519384fc17315a24e9c' \/>\n\t<\/p>\n<\/form>\n<\/div>\n","protected":false},"excerpt":{"rendered":"<p>Biuro Rachunkowe \u201eAgnet\u201d Joanna Go\u0142\u0105bek ul. Ko\u015bciuszki 7\/2 82-500 Kwidzyn NIP 5811440942 Regon 361378500 tel. 608 078 490 mail: agnet.kwidzyn@wp.pl www.eagnet.pl biuro czynne: 8.00 \u2013 16.00 &nbsp; Skorzystaj z naszego formularza kontaktowego: &nbsp;<\/p>\n","protected":false},"author":1,"featured_media":0,"parent":0,"menu_order":0,"comment_status":"closed","ping_status":"closed","template":"","meta":{"spay_email":""},"yoast_head":"<!-- This site is optimized with the Yoast SEO plugin v18.4.1 - https:\/\/yoast.com\/wordpress\/plugins\/seo\/ -->\n<title>Kontakt - AGNET<\/title>\n<meta name=\"robots\" content=\"index, follow, max-snippet:-1, max-image-preview:large, max-video-preview:-1\" \/>\n<link rel=\"canonical\" href=\"https:\/\/eagnet.pl\/index.php\/kontakt\/\" \/>\n<meta property=\"og:locale\" content=\"pl_PL\" \/>\n<meta property=\"og:type\" content=\"article\" \/>\n<meta property=\"og:title\" content=\"Kontakt - AGNET\" \/>\n<meta property=\"og:description\" content=\"Biuro Rachunkowe \u201eAgnet\u201d Joanna Go\u0142\u0105bek ul. Ko\u015bciuszki 7\/2 82-500 Kwidzyn NIP 5811440942 Regon 361378500 tel. 608 078 490 mail: agnet.kwidzyn@wp.pl www.eagnet.pl biuro czynne: 8.00 \u2013 16.00 &nbsp; Skorzystaj z naszego formularza kontaktowego: &nbsp;\" \/>\n<meta property=\"og:url\" content=\"https:\/\/eagnet.pl\/index.php\/kontakt\/\" \/>\n<meta property=\"og:site_name\" content=\"AGNET\" \/>\n<meta property=\"article:modified_time\" content=\"2015-10-12T08:24:18+00:00\" \/>\n<meta name=\"twitter:card\" content=\"summary\" \/>\n<script type=\"application\/ld+json\" class=\"yoast-schema-graph\">{\"@context\":\"https:\/\/schema.org\",\"@graph\":[{\"@type\":\"WebSite\",\"@id\":\"https:\/\/eagnet.pl\/#website\",\"url\":\"https:\/\/eagnet.pl\/\",\"name\":\"AGNET\",\"description\":\"Biuro Rachunkowe\",\"potentialAction\":[{\"@type\":\"SearchAction\",\"target\":{\"@type\":\"EntryPoint\",\"urlTemplate\":\"https:\/\/eagnet.pl\/?s={search_term_string}\"},\"query-input\":\"required name=search_term_string\"}],\"inLanguage\":\"pl-PL\"},{\"@type\":\"WebPage\",\"@id\":\"https:\/\/eagnet.pl\/index.php\/kontakt\/#webpage\",\"url\":\"https:\/\/eagnet.pl\/index.php\/kontakt\/\",\"name\":\"Kontakt - AGNET\",\"isPartOf\":{\"@id\":\"https:\/\/eagnet.pl\/#website\"},\"datePublished\":\"2015-10-12T07:44:19+00:00\",\"dateModified\":\"2015-10-12T08:24:18+00:00\",\"breadcrumb\":{\"@id\":\"https:\/\/eagnet.pl\/index.php\/kontakt\/#breadcrumb\"},\"inLanguage\":\"pl-PL\",\"potentialAction\":[{\"@type\":\"ReadAction\",\"target\":[\"https:\/\/eagnet.pl\/index.php\/kontakt\/\"]}]},{\"@type\":\"BreadcrumbList\",\"@id\":\"https:\/\/eagnet.pl\/index.php\/kontakt\/#breadcrumb\",\"itemListElement\":[{\"@type\":\"ListItem\",\"position\":1,\"name\":\"Strona g\u0142\u00f3wna\",\"item\":\"https:\/\/eagnet.pl\/\"},{\"@type\":\"ListItem\",\"position\":2,\"name\":\"Kontakt\"}]}]}<\/script>\n<!-- \/ Yoast SEO plugin. -->","yoast_head_json":{"title":"Kontakt - AGNET","robots":{"index":"index","follow":"follow","max-snippet":"max-snippet:-1","max-image-preview":"max-image-preview:large","max-video-preview":"max-video-preview:-1"},"canonical":"https:\/\/eagnet.pl\/index.php\/kontakt\/","og_locale":"pl_PL","og_type":"article","og_title":"Kontakt - AGNET","og_description":"Biuro Rachunkowe \u201eAgnet\u201d Joanna Go\u0142\u0105bek ul. Ko\u015bciuszki 7\/2 82-500 Kwidzyn NIP 5811440942 Regon 361378500 tel. 608 078 490 mail: agnet.kwidzyn@wp.pl www.eagnet.pl biuro czynne: 8.00 \u2013 16.00 &nbsp; Skorzystaj z naszego formularza kontaktowego: &nbsp;","og_url":"https:\/\/eagnet.pl\/index.php\/kontakt\/","og_site_name":"AGNET","article_modified_time":"2015-10-12T08:24:18+00:00","twitter_card":"summary","schema":{"@context":"https:\/\/schema.org","@graph":[{"@type":"WebSite","@id":"https:\/\/eagnet.pl\/#website","url":"https:\/\/eagnet.pl\/","name":"AGNET","description":"Biuro Rachunkowe","potentialAction":[{"@type":"SearchAction","target":{"@type":"EntryPoint","urlTemplate":"https:\/\/eagnet.pl\/?s={search_term_string}"},"query-input":"required name=search_term_string"}],"inLanguage":"pl-PL"},{"@type":"WebPage","@id":"https:\/\/eagnet.pl\/index.php\/kontakt\/#webpage","url":"https:\/\/eagnet.pl\/index.php\/kontakt\/","name":"Kontakt - AGNET","isPartOf":{"@id":"https:\/\/eagnet.pl\/#website"},"datePublished":"2015-10-12T07:44:19+00:00","dateModified":"2015-10-12T08:24:18+00:00","breadcrumb":{"@id":"https:\/\/eagnet.pl\/index.php\/kontakt\/#breadcrumb"},"inLanguage":"pl-PL","potentialAction":[{"@type":"ReadAction","target":["https:\/\/eagnet.pl\/index.php\/kontakt\/"]}]},{"@type":"BreadcrumbList","@id":"https:\/\/eagnet.pl\/index.php\/kontakt\/#breadcrumb","itemListElement":[{"@type":"ListItem","position":1,"name":"Strona g\u0142\u00f3wna","item":"https:\/\/eagnet.pl\/"},{"@type":"ListItem","position":2,"name":"Kontakt"}]}]}},"jetpack_sharing_enabled":true,"jetpack_shortlink":"https:\/\/wp.me\/P6PLzM-y","_links":{"self":[{"href":"https:\/\/eagnet.pl\/index.php\/wp-json\/wp\/v2\/pages\/34"}],"collection":[{"href":"https:\/\/eagnet.pl\/index.php\/wp-json\/wp\/v2\/pages"}],"about":[{"href":"https:\/\/eagnet.pl\/index.php\/wp-json\/wp\/v2\/types\/page"}],"author":[{"embeddable":true,"href":"https:\/\/eagnet.pl\/index.php\/wp-json\/wp\/v2\/users\/1"}],"replies":[{"embeddable":true,"href":"https:\/\/eagnet.pl\/index.php\/wp-json\/wp\/v2\/comments?post=34"}],"version-history":[{"count":10,"href":"https:\/\/eagnet.pl\/index.php\/wp-json\/wp\/v2\/pages\/34\/revisions"}],"predecessor-version":[{"id":47,"href":"https:\/\/eagnet.pl\/index.php\/wp-json\/wp\/v2\/pages\/34\/revisions\/47"}],"wp:attachment":[{"href":"https:\/\/eagnet.pl\/index.php\/wp-json\/wp\/v2\/media?parent=34"}],"curies":[{"name":"wp","href":"https:\/\/api.w.org\/{rel}","templated":true}]}}